{"id":304,"date":"2026-01-25T10:51:57","date_gmt":"2026-01-25T10:51:57","guid":{"rendered":"https:\/\/teleicare.com\/?page_id=304"},"modified":"2026-03-20T11:32:42","modified_gmt":"2026-03-20T11:32:42","slug":"transitional-care-management-in-colorado","status":"publish","type":"page","link":"https:\/\/teleicare.com\/es\/telehealth-services-colorado\/transitional-care-management-in-colorado\/","title":{"rendered":"Transitional Care Management in Colorado"},"content":{"rendered":"<div data-elementor-type=\"wp-page\" data-elementor-id=\"304\" class=\"elementor elementor-304\">\n\t\t\t\t<div class=\"elementor-element elementor-element-74cbf67 e-flex e-con-boxed e-con e-parent\" data-id=\"74cbf67\" data-element_type=\"container\" data-e-type=\"container\">\n\t\t\t\t\t<div class=\"e-con-inner\">\n\t\t\t\t<div class=\"elementor-element elementor-element-954e368 elementor-widget elementor-widget-image\" data-id=\"954e368\" data-element_type=\"widget\" data-e-type=\"widget\" data-widget_type=\"image.default\">\n\t\t\t\t\t\t\t\t\t\t\t\t\t\t\t<img fetchpriority=\"high\" decoding=\"async\" width=\"1536\" height=\"1024\" src=\"https:\/\/teleicare.com\/wp-content\/uploads\/2026\/04\/TELEICARE-TRANSITIONAL-CARE.jpg\" class=\"attachment-full size-full wp-image-3030\" alt=\"Transitional care management telehealth services helping patients safely recover at home after hospital discharge with coordinated care, medication management, and follow up support.\" srcset=\"https:\/\/teleicare.com\/wp-content\/uploads\/2026\/04\/TELEICARE-TRANSITIONAL-CARE.jpg 1536w, https:\/\/teleicare.com\/wp-content\/uploads\/2026\/04\/TELEICARE-TRANSITIONAL-CARE-300x200.jpg 300w, https:\/\/teleicare.com\/wp-content\/uploads\/2026\/04\/TELEICARE-TRANSITIONAL-CARE-1024x683.jpg 1024w, https:\/\/teleicare.com\/wp-content\/uploads\/2026\/04\/TELEICARE-TRANSITIONAL-CARE-768x512.jpg 768w, https:\/\/teleicare.com\/wp-content\/uploads\/2026\/04\/TELEICARE-TRANSITIONAL-CARE-18x12.jpg 18w, https:\/\/teleicare.com\/wp-content\/uploads\/2026\/04\/TELEICARE-TRANSITIONAL-CARE-20x13.jpg 20w\" sizes=\"(max-width: 1536px) 100vw, 1536px\" \/>\t\t\t\t\t\t\t\t\t\t\t\t\t\t\t<\/div>\n\t\t\t\t\t<\/div>\n\t\t\t\t<\/div>\n\t\t<div class=\"elementor-element elementor-element-8ac8fdb e-flex e-con-boxed e-con e-parent\" data-id=\"8ac8fdb\" data-element_type=\"container\" data-e-type=\"container\" data-settings=\"{&quot;background_background&quot;:&quot;classic&quot;}\">\n\t\t\t\t\t<div class=\"e-con-inner\">\n\t\t<div class=\"elementor-element elementor-element-a2e7b28 e-con-full e-flex e-con e-child\" data-id=\"a2e7b28\" data-element_type=\"container\" data-e-type=\"container\" data-settings=\"{&quot;background_background&quot;:&quot;classic&quot;}\">\n\t\t\t\t<div class=\"elementor-element elementor-element-87d6872 elementor-widget elementor-widget-heading\" data-id=\"87d6872\" data-element_type=\"widget\" data-e-type=\"widget\" data-widget_type=\"heading.default\">\n\t\t\t\t\t<h2 class=\"elementor-heading-title elementor-size-default\">How Transitional Care Management in Colorado Improves Patient Outcomes<\/h2>\t\t\t\t<\/div>\n\t\t\t\t<div class=\"elementor-element elementor-element-66edc6c elementor-widget elementor-widget-text-editor\" data-id=\"66edc6c\" data-element_type=\"widget\" data-e-type=\"widget\" data-widget_type=\"text-editor.default\">\n\t\t\t\t\t\t\t\t\t<p class=\"yiv2850398335p1\">Transitional Care Management in Colorado improves patient outcomes by ensuring timely follow-up care after hospital discharge, reducing medication errors, and improving coordination between healthcare providers. Telehealth TCM services help prevent complications and reduce hospital readmissions by providing structured support during recovery.\u00a0<\/p>\t\t\t\t\t\t\t\t<\/div>\n\t\t\t\t<div class=\"elementor-element elementor-element-335ed05 elementor-widget elementor-widget-heading\" data-id=\"335ed05\" data-element_type=\"widget\" data-e-type=\"widget\" data-widget_type=\"heading.default\">\n\t\t\t\t\t<h2 class=\"elementor-heading-title elementor-size-default\">Post-Discharge Transitional Care Management (TCM) in Colorado<\/h2>\t\t\t\t<\/div>\n\t\t\t\t<div class=\"elementor-element elementor-element-6eaf76c elementor-widget elementor-widget-text-editor\" data-id=\"6eaf76c\" data-element_type=\"widget\" data-e-type=\"widget\" data-widget_type=\"text-editor.default\">\n\t\t\t\t\t\t\t\t\t<p class=\"yiv2850398335p1\"><span class=\"yiv2850398335s1\">Transitional Care Management in Colorado provides essential support for patients transitioning safely from hospital to home. TeleiCare offers telehealth Transitional Care Management (TCM) services designed to reduce hospital readmissions and improve patient outcomes.<\/span><\/p><p class=\"yiv2850398335p1\"><span class=\"yiv2850398335s1\">Our Transitional Care Management in Colorado includes medication reconciliation, follow-up care, and coordination with your healthcare providers. Patients recently discharged from a hospital or facility benefit from structured telehealth visits and ongoing support.<\/span><\/p><p class=\"yiv2850398335p1\"><span class=\"yiv2850398335s1\">If you need Transitional Care Management in Colorado, TeleiCare provides convenient, Medicare-covered telehealth services to help you recover safely at home.<\/span><\/p>\t\t\t\t\t\t\t\t<\/div>\n\t\t\t\t<div class=\"elementor-element elementor-element-c2de5a0 elementor-widget elementor-widget-image\" data-id=\"c2de5a0\" data-element_type=\"widget\" data-e-type=\"widget\" data-widget_type=\"image.default\">\n\t\t\t\t\t\t\t\t\t\t\t\t\t\t\t<img decoding=\"async\" width=\"1024\" height=\"683\" src=\"https:\/\/teleicare.com\/wp-content\/uploads\/2026\/04\/TELEICARE-PHOTO-1024x683.jpg\" class=\"attachment-large size-large wp-image-2671\" alt=\"Transitional Care Management in Colorado\" srcset=\"https:\/\/teleicare.com\/wp-content\/uploads\/2026\/04\/TELEICARE-PHOTO-1024x683.jpg 1024w, https:\/\/teleicare.com\/wp-content\/uploads\/2026\/04\/TELEICARE-PHOTO-300x200.jpg 300w, https:\/\/teleicare.com\/wp-content\/uploads\/2026\/04\/TELEICARE-PHOTO-768x512.jpg 768w, https:\/\/teleicare.com\/wp-content\/uploads\/2026\/04\/TELEICARE-PHOTO-18x12.jpg 18w, https:\/\/teleicare.com\/wp-content\/uploads\/2026\/04\/TELEICARE-PHOTO-20x13.jpg 20w, https:\/\/teleicare.com\/wp-content\/uploads\/2026\/04\/TELEICARE-PHOTO.jpg 1536w\" sizes=\"(max-width: 1024px) 100vw, 1024px\" \/>\t\t\t\t\t\t\t\t\t\t\t\t\t\t\t<\/div>\n\t\t\t\t<div class=\"elementor-element elementor-element-2f05252 elementor-widget elementor-widget-heading\" data-id=\"2f05252\" data-element_type=\"widget\" data-e-type=\"widget\" data-widget_type=\"heading.default\">\n\t\t\t\t\t<h2 class=\"elementor-heading-title elementor-size-default\">Who needs Transitional Care Management in Colorado?<\/h2>\t\t\t\t<\/div>\n\t\t\t\t<div class=\"elementor-element elementor-element-c5eeaec elementor-widget elementor-widget-text-editor\" data-id=\"c5eeaec\" data-element_type=\"widget\" data-e-type=\"widget\" data-widget_type=\"text-editor.default\">\n\t\t\t\t\t\t\t\t\t<p class=\"yiv2850398335p1\">Transitional Care Management services are ideal for patients recently discharged from a hospital, skilled nursing facility, or rehabilitation center. Patients with chronic conditions such as heart failure, COPD, diabetes, or recent surgeries benefit from structured follow-up care.<\/p>\t\t\t\t\t\t\t\t<\/div>\n\t\t\t\t<div class=\"elementor-element elementor-element-2a1509b elementor-widget elementor-widget-heading\" data-id=\"2a1509b\" data-element_type=\"widget\" data-e-type=\"widget\" data-widget_type=\"heading.default\">\n\t\t\t\t\t<h3 class=\"elementor-heading-title elementor-size-default\">Who Qualifies for Transitional Care Management (TCM)? <\/h3>\t\t\t\t<\/div>\n\t\t\t\t<div class=\"elementor-element elementor-element-b6e6859 elementor-widget elementor-widget-text-editor\" data-id=\"b6e6859\" data-element_type=\"widget\" data-e-type=\"widget\" data-widget_type=\"text-editor.default\">\n\t\t\t\t\t\t\t\t\t<ul><li>Heart failure<\/li><li>Pneumonia<\/li><li>COPD exacerbations<\/li><li>Post-surgical recovery<\/li><li>Severe infections<\/li><li>Diabetes complications<\/li><\/ul>\t\t\t\t\t\t\t\t<\/div>\n\t\t\t\t<div class=\"elementor-element elementor-element-b09b52c elementor-widget elementor-widget-heading\" data-id=\"b09b52c\" data-element_type=\"widget\" data-e-type=\"widget\" data-widget_type=\"heading.default\">\n\t\t\t\t\t<h3 class=\"elementor-heading-title elementor-size-default\">How does Transitional Care Management work?\n\n<\/h3>\t\t\t\t<\/div>\n\t\t\t\t<div class=\"elementor-element elementor-element-57e5b83 elementor-widget elementor-widget-text-editor\" data-id=\"57e5b83\" data-element_type=\"widget\" data-e-type=\"widget\" data-widget_type=\"text-editor.default\">\n\t\t\t\t\t\t\t\t\t<p class=\"yiv1398255376p1\"><span class=\"yiv1398255376s1\">TeleiCare provides telehealth Transitional Care Management in Colorado with timely follow-up visits, medication reconciliation, and coordination with your healthcare providers. Our goal is to reduce complications, prevent hospital readmissions, and support safe recovery at home.<\/span><\/p>\t\t\t\t\t\t\t\t<\/div>\n\t\t\t\t<div class=\"elementor-element elementor-element-036daf7 elementor-widget elementor-widget-heading\" data-id=\"036daf7\" data-element_type=\"widget\" data-e-type=\"widget\" data-widget_type=\"heading.default\">\n\t\t\t\t\t<h3 class=\"elementor-heading-title elementor-size-default\">Post-Discharge Follow-up Care with Telehealth <\/h3>\t\t\t\t<\/div>\n\t\t\t\t<div class=\"elementor-element elementor-element-829f37c elementor-widget elementor-widget-text-editor\" data-id=\"829f37c\" data-element_type=\"widget\" data-e-type=\"widget\" data-widget_type=\"text-editor.default\">\n\t\t\t\t\t\t\t\t\t<p>TeleiCare provides Transitional Care Management (TCM)services to ensure safe, coordinated follow-up after hospital or facility discharge.<\/p>\t\t\t\t\t\t\t\t<\/div>\n\t\t\t\t<div class=\"elementor-element elementor-element-197bb21 elementor-widget elementor-widget-heading\" data-id=\"197bb21\" data-element_type=\"widget\" data-e-type=\"widget\" data-widget_type=\"heading.default\">\n\t\t\t\t\t<h3 class=\"elementor-heading-title elementor-size-default\">\u00bfQu\u00e9 es la gesti\u00f3n de cuidados de transici\u00f3n?<\/h3>\t\t\t\t<\/div>\n\t\t\t\t<div class=\"elementor-element elementor-element-b387151 elementor-widget elementor-widget-text-editor\" data-id=\"b387151\" data-element_type=\"widget\" data-e-type=\"widget\" data-widget_type=\"text-editor.default\">\n\t\t\t\t\t\t\t\t\t<p>Transitional Care Management focuses on the critical period after discharge from a hospital or skilled nursing facility. During this time, patients often need support managing medications, understanding discharge instructions, and coordinating follow-up care to avoid complications.\u00a0<\/p>\t\t\t\t\t\t\t\t<\/div>\n\t\t\t\t<div class=\"elementor-element elementor-element-de83a82 elementor-widget elementor-widget-heading\" data-id=\"de83a82\" data-element_type=\"widget\" data-e-type=\"widget\" data-widget_type=\"heading.default\">\n\t\t\t\t\t<h3 class=\"elementor-heading-title elementor-size-default\">How Transitional Care Management Works After Discharge<\/h3>\t\t\t\t<\/div>\n\t\t\t\t<div class=\"elementor-element elementor-element-4b717dc elementor-widget elementor-widget-text-editor\" data-id=\"4b717dc\" data-element_type=\"widget\" data-e-type=\"widget\" data-widget_type=\"text-editor.default\">\n\t\t\t\t\t\t\t\t\t<p>TeleiCare proporciona un flujo de trabajo definido para despu\u00e9s del alta que puede incluir:<\/p><ul><li>Contact within 2 business days of discharge.<\/li><li>Telehealth follow-up visit within 7-14 days<\/li><li>Medication reconciliation and safety review<\/li><li>Review of discharge instructions and symptoms.\u00a0<\/li><li>Coordination of specialist care and referrals.<\/li><li>Patient education on warning signs and next steps.<\/li><\/ul><p>Todos los servicios se prestan a trav\u00e9s de visitas de telesalud seguras cuando es cl\u00ednicamente apropiado.<\/p>\t\t\t\t\t\t\t\t<\/div>\n\t\t\t\t<div class=\"elementor-element elementor-element-d83c752 elementor-widget elementor-widget-heading\" data-id=\"d83c752\" data-element_type=\"widget\" data-e-type=\"widget\" data-widget_type=\"heading.default\">\n\t\t\t\t\t<h3 class=\"elementor-heading-title elementor-size-default\">Who Qualifies for Transitional Care Management? <\/h3>\t\t\t\t<\/div>\n\t\t\t\t<div class=\"elementor-element elementor-element-56dd34d elementor-widget elementor-widget-text-editor\" data-id=\"56dd34d\" data-element_type=\"widget\" data-e-type=\"widget\" data-widget_type=\"text-editor.default\">\n\t\t\t\t\t\t\t\t\t<p>La gesti\u00f3n de la atenci\u00f3n transitoria puede ser adecuada para pacientes que:<\/p><ul><li>Have recently been discharged from a hospital or skilled nursing facility\u00a0<\/li><li>Have new or adjusted medications requiring monitoring<\/li><li>Need follow-up care after hospitalization<\/li><li>Require care coordination between providers<\/li><li>Need support understanding discharge instructions<\/li><\/ul><p>La elegibilidad y la cobertura se determinan en funci\u00f3n de las circunstancias individuales.<\/p>\t\t\t\t\t\t\t\t<\/div>\n\t\t\t\t<div class=\"elementor-element elementor-element-da0cb88 elementor-widget elementor-widget-heading\" data-id=\"da0cb88\" data-element_type=\"widget\" data-e-type=\"widget\" data-widget_type=\"heading.default\">\n\t\t\t\t\t<h3 class=\"elementor-heading-title elementor-size-default\">Insurance &amp; Coverage for Transitional Care Management <\/h3>\t\t\t\t<\/div>\n\t\t\t\t<div class=\"elementor-element elementor-element-f672bb5 elementor-widget elementor-widget-text-editor\" data-id=\"f672bb5\" data-element_type=\"widget\" data-e-type=\"widget\" data-widget_type=\"text-editor.default\">\n\t\t\t\t\t\t\t\t\t<p>Transitional Care Management (TCM) services are often covered by Medicare and many insurance plans when eligibility criteria are met. Coverage depends on individual benefits and clinical need, which are verified prior to care.\u00a0 services are often covered by Medicare and many insurance plans when eligibility criteria are met. Coverage depends on clinical need and individual benefits, which are verified prior to care.\u00a0<\/p><p><a href=\"https:\/\/form.jotform.com\/260768649537070\" target=\"_blank\" rel=\"noopener\">Schedule your Transitional Care Management in Colorado telehealth visit today.<\/a><\/p>\t\t\t\t\t\t\t\t<\/div>\n\t\t\t\t<div class=\"elementor-element elementor-element-2148ee3 elementor-widget elementor-widget-heading\" data-id=\"2148ee3\" data-element_type=\"widget\" data-e-type=\"widget\" data-widget_type=\"heading.default\">\n\t\t\t\t\t<h3 class=\"elementor-heading-title elementor-size-default\">Why choose TeleiCare? <\/h3>\t\t\t\t<\/div>\n\t\t\t\t<div class=\"elementor-element elementor-element-3ff86dd elementor-widget elementor-widget-text-editor\" data-id=\"3ff86dd\" data-element_type=\"widget\" data-e-type=\"widget\" data-widget_type=\"text-editor.default\">\n\t\t\t\t\t\t\t\t\t<p>We provide convenient, secure telehealth visits, personalized care plans, and ongoing support to ensure a smooth transition from hospital to home.<\/p>\t\t\t\t\t\t\t\t<\/div>\n\t\t\t\t<div class=\"elementor-element elementor-element-d2cf778 elementor-widget elementor-widget-heading\" data-id=\"d2cf778\" data-element_type=\"widget\" data-e-type=\"widget\" data-widget_type=\"heading.default\">\n\t\t\t\t\t<h3 class=\"elementor-heading-title elementor-size-default\">Informaci\u00f3n importante<\/h3>\t\t\t\t<\/div>\n\t\t\t\t<div class=\"elementor-element elementor-element-c526b40 elementor-widget elementor-widget-text-editor\" data-id=\"c526b40\" data-element_type=\"widget\" data-e-type=\"widget\" data-widget_type=\"text-editor.default\">\n\t\t\t\t\t\t\t\t\t<p>TeleiCare proporciona servicios m\u00e9dicos a trav\u00e9s de telesalud cuando es cl\u00ednicamente apropiado.<\/p><p>TeleiCare no proporciona servicios de emergencia.<\/p><p>En caso de emergencia m\u00e9dica, llame al 911 o acuda al servicio de urgencias m\u00e1s cercano.<\/p><p>Este sitio web no recopila informaci\u00f3n m\u00e9dica protegida.<\/p>\t\t\t\t\t\t\t\t<\/div>\n\t\t\t\t<div class=\"elementor-element elementor-element-cfea6b9 elementor-widget elementor-widget-heading\" data-id=\"cfea6b9\" data-element_type=\"widget\" data-e-type=\"widget\" data-widget_type=\"heading.default\">\n\t\t\t\t\t<h3 class=\"elementor-heading-title elementor-size-default\">Frequently asked Questions <\/h3>\t\t\t\t<\/div>\n\t\t\t\t<div class=\"elementor-element elementor-element-0936284 elementor-widget elementor-widget-text-editor\" data-id=\"0936284\" data-element_type=\"widget\" data-e-type=\"widget\" data-widget_type=\"text-editor.default\">\n\t\t\t\t\t\t\t\t\t<p><span style=\"font-size: 16px;\">What is Transitional Care Management (TCM)?\u00a0<\/span><\/p><p><span style=\"font-size: 16px;\">TCM is a Medicare-covered service that provides follow-up care after hospital discharge to reduce complications and readmissions.<\/span><\/p><p>Who qualifies for TCM services?\u00a0<\/p><p>Patients recently discharged from a hospital or facility who require follow-up care and coordination may quality.\u00a0<\/p><p>Are TCM services covered by Medicare?\u00a0<\/p><p>Yes, TCM services are often covered by Medicare when eligibility requirements are met.\u00a0<\/p><p>\u00a0<\/p>\t\t\t\t\t\t\t\t<\/div>\n\t\t\t\t<div class=\"elementor-element elementor-element-72188e5 track-cta elementor-align-center elementor-widget elementor-widget-button\" data-id=\"72188e5\" data-element_type=\"widget\" data-e-type=\"widget\" data-widget_type=\"button.default\">\n\t\t\t\t\t\t\t\t\t\t<a class=\"elementor-button elementor-button-link elementor-size-sm\" href=\"https:\/\/form.jotform.com\/260768649537070\" target=\"_blank\" rel=\"noopener\">\n\t\t\t\t\t\t<span class=\"elementor-button-content-wrapper\">\n\t\t\t\t\t\t\t\t\t<span class=\"elementor-button-text\">Schedule Post-Discharge Follow-Up Visit<\/span>\n\t\t\t\t\t<\/span>\n\t\t\t\t\t<\/a>\n\t\t\t\t\t\t\t\t<\/div>\n\t\t\t\t<\/div>\n\t\t\t\t\t<\/div>\n\t\t\t\t<\/div>\n\t\t<div class=\"elementor-element elementor-element-4ae8a1a e-flex e-con-boxed e-con e-parent\" data-id=\"4ae8a1a\" data-element_type=\"container\" data-e-type=\"container\">\n\t\t\t\t\t<div class=\"e-con-inner\">\n\t\t\t\t\t<\/div>\n\t\t\t\t<\/div>\n\t\t\t\t<\/div>","protected":false},"excerpt":{"rendered":"<p>How Transitional Care Management in Colorado Improves Patient Outcomes Transitional Care Management in Colorado improves patient outcomes by ensuring timely [&hellip;]<\/p>\n","protected":false},"author":1,"featured_media":0,"parent":224,"menu_order":0,"comment_status":"closed","ping_status":"closed","template":"elementor_header_footer","meta":{"site-sidebar-layout":"no-sidebar","site-content-layout":"","ast-site-content-layout":"full-width-container","site-content-style":"default","site-sidebar-style":"default","ast-global-header-display":"","ast-banner-title-visibility":"","ast-main-header-display":"","ast-hfb-above-header-display":"","ast-hfb-below-header-display":"","ast-hfb-mobile-header-display":"","site-post-title":"","ast-breadcrumbs-content":"","ast-featured-img":"disabled","footer-sml-layout":"","ast-disable-related-posts":"","theme-transparent-header-meta":"","adv-header-id-meta":"","stick-header-meta":"","header-above-stick-meta":"","header-main-stick-meta":"","header-below-stick-meta":"","astra-migrate-meta-layouts":"default","ast-page-background-enabled":"default","ast-page-background-meta":{"desktop":{"background-color":"var(--ast-global-color-5)","background-image":"","background-repeat":"repeat","background-position":"center center","background-size":"auto","background-attachment":"scroll","background-type":"","background-media":"","overlay-type":"","overlay-color":"","overlay-opacity":"","overlay-gradient":""},"tablet":{"background-color":"","background-image":"","background-repeat":"repeat","background-position":"center center","background-size":"auto","background-attachment":"scroll","background-type":"","background-media":"","overlay-type":"","overlay-color":"","overlay-opacity":"","overlay-gradient":""},"mobile":{"background-color":"","background-image":"","background-repeat":"repeat","background-position":"center center","background-size":"auto","background-attachment":"scroll","background-type":"","background-media":"","overlay-type":"","overlay-color":"","overlay-opacity":"","overlay-gradient":""}},"ast-content-background-meta":{"desktop":{"background-color":"var(--ast-global-color-4)","background-image":"","background-repeat":"repeat","background-position":"center center","background-size":"auto","background-attachment":"scroll","background-type":"","background-media":"","overlay-type":"","overlay-color":"","overlay-opacity":"","overlay-gradient":""},"tablet":{"background-color":"var(--ast-global-color-4)","background-image":"","background-repeat":"repeat","background-position":"center center","background-size":"auto","background-attachment":"scroll","background-type":"","background-media":"","overlay-type":"","overlay-color":"","overlay-opacity":"","overlay-gradient":""},"mobile":{"background-color":"var(--ast-global-color-4)","background-image":"","background-repeat":"repeat","background-position":"center center","background-size":"auto","background-attachment":"scroll","background-type":"","background-media":"","overlay-type":"","overlay-color":"","overlay-opacity":"","overlay-gradient":""}},"footnotes":""},"class_list":["post-304","page","type-page","status-publish","hentry"],"_links":{"self":[{"href":"https:\/\/teleicare.com\/es\/wp-json\/wp\/v2\/pages\/304","targetHints":{"allow":["GET"]}}],"collection":[{"href":"https:\/\/teleicare.com\/es\/wp-json\/wp\/v2\/pages"}],"about":[{"href":"https:\/\/teleicare.com\/es\/wp-json\/wp\/v2\/types\/page"}],"author":[{"embeddable":true,"href":"https:\/\/teleicare.com\/es\/wp-json\/wp\/v2\/users\/1"}],"replies":[{"embeddable":true,"href":"https:\/\/teleicare.com\/es\/wp-json\/wp\/v2\/comments?post=304"}],"version-history":[{"count":102,"href":"https:\/\/teleicare.com\/es\/wp-json\/wp\/v2\/pages\/304\/revisions"}],"predecessor-version":[{"id":3033,"href":"https:\/\/teleicare.com\/es\/wp-json\/wp\/v2\/pages\/304\/revisions\/3033"}],"up":[{"embeddable":true,"href":"https:\/\/teleicare.com\/es\/wp-json\/wp\/v2\/pages\/224"}],"wp:attachment":[{"href":"https:\/\/teleicare.com\/es\/wp-json\/wp\/v2\/media?parent=304"}],"curies":[{"name":"wp","href":"https:\/\/api.w.org\/{rel}","templated":true}]}}