{"id":541,"date":"2026-01-26T07:32:58","date_gmt":"2026-01-26T07:32:58","guid":{"rendered":"https:\/\/teleicare.com\/?page_id=541"},"modified":"2026-03-20T11:32:25","modified_gmt":"2026-03-20T11:32:25","slug":"telehealth-urgent-care-colorado","status":"publish","type":"page","link":"https:\/\/teleicare.com\/es\/telehealth-services-colorado\/telehealth-urgent-care-colorado\/","title":{"rendered":"Atenci\u00f3n aguda (telesalud)"},"content":{"rendered":"<div data-elementor-type=\"wp-page\" data-elementor-id=\"541\" class=\"elementor elementor-541\">\n\t\t\t\t<div class=\"elementor-element elementor-element-20e5001 e-flex e-con-boxed e-con e-parent\" data-id=\"20e5001\" data-element_type=\"container\" data-e-type=\"container\">\n\t\t\t\t\t<div class=\"e-con-inner\">\n\t\t\t\t<div class=\"elementor-element elementor-element-3812370 elementor-widget elementor-widget-image\" data-id=\"3812370\" data-element_type=\"widget\" data-e-type=\"widget\" data-widget_type=\"image.default\">\n\t\t\t\t\t\t\t\t\t\t\t\t\t\t\t<img fetchpriority=\"high\" decoding=\"async\" width=\"1536\" height=\"1024\" src=\"https:\/\/teleicare.com\/wp-content\/uploads\/2026\/04\/TELEICARE-ACUTE-ONDEMAND.jpg\" class=\"attachment-full size-full wp-image-2984\" alt=\"Telehealth Urgent Care Colorado\" srcset=\"https:\/\/teleicare.com\/wp-content\/uploads\/2026\/04\/TELEICARE-ACUTE-ONDEMAND.jpg 1536w, https:\/\/teleicare.com\/wp-content\/uploads\/2026\/04\/TELEICARE-ACUTE-ONDEMAND-300x200.jpg 300w, https:\/\/teleicare.com\/wp-content\/uploads\/2026\/04\/TELEICARE-ACUTE-ONDEMAND-1024x683.jpg 1024w, https:\/\/teleicare.com\/wp-content\/uploads\/2026\/04\/TELEICARE-ACUTE-ONDEMAND-768x512.jpg 768w, https:\/\/teleicare.com\/wp-content\/uploads\/2026\/04\/TELEICARE-ACUTE-ONDEMAND-18x12.jpg 18w, https:\/\/teleicare.com\/wp-content\/uploads\/2026\/04\/TELEICARE-ACUTE-ONDEMAND-20x13.jpg 20w\" sizes=\"(max-width: 1536px) 100vw, 1536px\" \/>\t\t\t\t\t\t\t\t\t\t\t\t\t\t\t<\/div>\n\t\t\t\t\t<\/div>\n\t\t\t\t<\/div>\n\t\t<div class=\"elementor-element elementor-element-bee6364 e-flex e-con-boxed e-con e-parent\" data-id=\"bee6364\" data-element_type=\"container\" data-e-type=\"container\">\n\t\t\t\t\t<div class=\"e-con-inner\">\n\t\t\t\t<div class=\"elementor-element elementor-element-92c67de elementor-widget elementor-widget-text-editor\" data-id=\"92c67de\" data-element_type=\"widget\" data-e-type=\"widget\" data-widget_type=\"text-editor.default\">\n\t\t\t\t\t\t\t\t\t<p><em><strong>Telehealth urgent care Colorado services help patients avoid long wait times while still receiving high-quality care from licensed medical providers.\u00a0<\/strong><\/em><\/p>\t\t\t\t\t\t\t\t<\/div>\n\t\t\t\t\t<\/div>\n\t\t\t\t<\/div>\n\t\t<div class=\"elementor-element elementor-element-79c36786 e-flex e-con-boxed e-con e-parent\" data-id=\"79c36786\" data-element_type=\"container\" data-e-type=\"container\" data-settings=\"{&quot;background_background&quot;:&quot;classic&quot;}\">\n\t\t\t\t\t<div class=\"e-con-inner\">\n\t\t<div class=\"elementor-element elementor-element-463cc602 e-con-full e-flex e-con e-child\" data-id=\"463cc602\" data-element_type=\"container\" data-e-type=\"container\" data-settings=\"{&quot;background_background&quot;:&quot;classic&quot;}\">\n\t\t\t\t<div class=\"elementor-element elementor-element-f6801c4 elementor-widget elementor-widget-heading\" data-id=\"f6801c4\" data-element_type=\"widget\" data-e-type=\"widget\" data-widget_type=\"heading.default\">\n\t\t\t\t\t<h2 class=\"elementor-heading-title elementor-size-default\">Atenci\u00f3n aguda (telesalud)<\/h2>\t\t\t\t<\/div>\n\t\t\t\t<div class=\"elementor-element elementor-element-4023cc8f elementor-widget elementor-widget-text-editor\" data-id=\"4023cc8f\" data-element_type=\"widget\" data-e-type=\"widget\" data-widget_type=\"text-editor.default\">\n\t\t\t\t\t\t\t\t\t<p>Telehealth urgent care Colorado services provide fast, convenient care for non-emergency medical concerns. TeleiCare offers same-day virtual visits with licensed providers who can evaluate symptoms, provide treatment, and guide next steps\u2014all from the comfort of your home.<\/p><p>Telehealth urgent care Colorado services are delivered through secure virtual visits with a licensed clinician.<\/p>\t\t\t\t\t\t\t\t<\/div>\n\t\t\t\t<div class=\"elementor-element elementor-element-4690caed elementor-widget elementor-widget-heading\" data-id=\"4690caed\" data-element_type=\"widget\" data-e-type=\"widget\" data-widget_type=\"heading.default\">\n\t\t\t\t\t<h2 class=\"elementor-heading-title elementor-size-default\">When to Use Telehealth Urgent Care vs Emergency Care<\/h2>\t\t\t\t<\/div>\n\t\t\t\t<div class=\"elementor-element elementor-element-75bafbc elementor-widget elementor-widget-text-editor\" data-id=\"75bafbc\" data-element_type=\"widget\" data-e-type=\"widget\" data-widget_type=\"text-editor.default\">\n\t\t\t\t\t\t\t\t\t<p>Telehealth urgent care in Colorado is designed for non-life-threatening conditions that require prompt attention. Patients should use telehealth urgent care for minor illnesses, infections, and general medical concerns.<\/p><p>For serious or life-threatening symptoms such as chest pain, difficulty breathing, severe injuries, or neurological symptoms, patients should call 911 or go to the nearest emergency room immediately.<\/p>\t\t\t\t\t\t\t\t<\/div>\n\t\t\t\t<div class=\"elementor-element elementor-element-63fa4aad elementor-widget elementor-widget-heading\" data-id=\"63fa4aad\" data-element_type=\"widget\" data-e-type=\"widget\" data-widget_type=\"heading.default\">\n\t\t\t\t\t<h3 class=\"elementor-heading-title elementor-size-default\">What is Telehealth Urgent Visits? <\/h3>\t\t\t\t<\/div>\n\t\t\t\t<div class=\"elementor-element elementor-element-1b5437d1 elementor-widget elementor-widget-text-editor\" data-id=\"1b5437d1\" data-element_type=\"widget\" data-e-type=\"widget\" data-widget_type=\"text-editor.default\">\n\t\t\t\t\t\t\t\t\t<p>La telesalud para cuidados agudos aborda problemas m\u00e9dicos a corto plazo que requieren atenci\u00f3n inmediata, pero que no requieren servicios de emergencia. Las visitas virtuales permiten a los pacientes comentar sus s\u00edntomas, recibir orientaci\u00f3n cl\u00ednica y comprender cu\u00e1ndo puede ser necesaria una evaluaci\u00f3n adicional o una atenci\u00f3n de mayor nivel.<\/p><p>Los servicios de atenci\u00f3n aguda de TeleiCare est\u00e1n dise\u00f1ados para facilitar el acceso adecuado a la atenci\u00f3n m\u00e9dica en casos urgentes pero que no requieren servicios de emergencia.<\/p>\t\t\t\t\t\t\t\t<\/div>\n\t\t\t\t<div class=\"elementor-element elementor-element-d1cbc2f elementor-widget elementor-widget-image\" data-id=\"d1cbc2f\" data-element_type=\"widget\" data-e-type=\"widget\" data-widget_type=\"image.default\">\n\t\t\t\t\t\t\t\t\t\t\t\t\t\t\t<img decoding=\"async\" width=\"1024\" height=\"683\" src=\"https:\/\/teleicare.com\/wp-content\/uploads\/2026\/04\/Telehealth-Acute-Image-1024x683.jpg\" class=\"attachment-large size-large wp-image-3713\" alt=\"Telehealth urgent care in Colorado\" srcset=\"https:\/\/teleicare.com\/wp-content\/uploads\/2026\/04\/Telehealth-Acute-Image-1024x683.jpg 1024w, https:\/\/teleicare.com\/wp-content\/uploads\/2026\/04\/Telehealth-Acute-Image-300x200.jpg 300w, https:\/\/teleicare.com\/wp-content\/uploads\/2026\/04\/Telehealth-Acute-Image-768x512.jpg 768w, https:\/\/teleicare.com\/wp-content\/uploads\/2026\/04\/Telehealth-Acute-Image-18x12.jpg 18w, https:\/\/teleicare.com\/wp-content\/uploads\/2026\/04\/Telehealth-Acute-Image.jpg 1536w\" sizes=\"(max-width: 1024px) 100vw, 1024px\" \/>\t\t\t\t\t\t\t\t\t\t\t\t\t\t\t<\/div>\n\t\t\t\t<div class=\"elementor-element elementor-element-46c47365 elementor-widget elementor-widget-heading\" data-id=\"46c47365\" data-element_type=\"widget\" data-e-type=\"widget\" data-widget_type=\"heading.default\">\n\t\t\t\t\t<h3 class=\"elementor-heading-title elementor-size-default\">Conditions Treated with Telehealth Urgent Care | Colorado<\/h3>\t\t\t\t<\/div>\n\t\t\t\t<div class=\"elementor-element elementor-element-4bee572 elementor-widget elementor-widget-text-editor\" data-id=\"4bee572\" data-element_type=\"widget\" data-e-type=\"widget\" data-widget_type=\"text-editor.default\">\n\t\t\t\t\t\t\t\t\t<ul><li>Cold and flu symptoms<\/li><li>Urinary tract infections (UTIs)<\/li><li>Sinus infections<\/li><li>Allergies<\/li><li>Minor skin conditions and rashes<\/li><li>Mild respiratory symptoms<\/li><li>Medication refills (when appropriate)<\/li><\/ul><p>Telehealth urgent care in Colorado can treat a wide range of non-emergency medical conditions. Patients can receive evaluation and treatment for:<span style=\"font-size: 16px;\">These conditions can often be safely managed through telehealth urgent care visits without needing an in-person appointment.<\/span><\/p><p><a href=\"https:\/\/teleicare.com\/es\/services\/chronic-care-management-medicare\/\">For ongoing care, explore our Chronic Care Management (CCM) services.<\/a>\u00a0<\/p><p><a href=\"https:\/\/teleicare.com\/es\/services\/remote-patient-monitoring-rpm\/\">Patients needing continuous monitoring may benefit from Remote Patient Monitoring (RPM)<\/a><\/p>\t\t\t\t\t\t\t\t<\/div>\n\t\t\t\t<div class=\"elementor-element elementor-element-77c5061 elementor-widget elementor-widget-heading\" data-id=\"77c5061\" data-element_type=\"widget\" data-e-type=\"widget\" data-widget_type=\"heading.default\">\n\t\t\t\t\t<h3 class=\"elementor-heading-title elementor-size-default\">How Telehealth Urgent Care in Colorado works? <\/h3>\t\t\t\t<\/div>\n\t\t\t\t<div class=\"elementor-element elementor-element-6f32d619 elementor-widget elementor-widget-text-editor\" data-id=\"6f32d619\" data-element_type=\"widget\" data-e-type=\"widget\" data-widget_type=\"text-editor.default\">\n\t\t\t\t\t\t\t\t\t<p>Durante una visita de telesalud para cuidados agudos, los m\u00e9dicos de TeleiCare pueden:<\/p><ul><li>Revisar los s\u00edntomas actuales y el historial m\u00e9dico relevante.<\/li><li>Evaluar si la atenci\u00f3n de telesalud es cl\u00ednicamente adecuada.<\/li><li>Proporcionar orientaci\u00f3n m\u00e9dica y recomendaciones de tratamiento.<\/li><li>Determinar cu\u00e1ndo es necesaria una evaluaci\u00f3n presencial o una atenci\u00f3n de mayor nivel.<\/li><li>Coordinar la atenci\u00f3n de seguimiento cuando sea necesario.<\/li><\/ul><p>Todas las visitas se realizan a trav\u00e9s de tecnolog\u00eda de telesalud segura.<\/p>\t\t\t\t\t\t\t\t<\/div>\n\t\t\t\t<div class=\"elementor-element elementor-element-51b65d1d elementor-widget elementor-widget-heading\" data-id=\"51b65d1d\" data-element_type=\"widget\" data-e-type=\"widget\" data-widget_type=\"heading.default\">\n\t\t\t\t\t<h3 class=\"elementor-heading-title elementor-size-default\">Informaci\u00f3n sobre la membres\u00eda y el pago<\/h3>\t\t\t\t<\/div>\n\t\t\t\t<div class=\"elementor-element elementor-element-2a1d1e27 elementor-widget elementor-widget-text-editor\" data-id=\"2a1d1e27\" data-element_type=\"widget\" data-e-type=\"widget\" data-widget_type=\"text-editor.default\">\n\t\t\t\t\t\t\t\t\t<p><strong>Telehealth urgent care Colorado visits are not included in TeleiCare membership plans.<\/strong><\/p><p>TeleiCare accepts Medicare, Medicaid, and many commercial insurance plans for telehealth urgent care Colorado services. Coverage varies by plan and service, and benefits are verified prior to care.<\/p><p>Para los pacientes sin seguro m\u00e9dico, pueden estar disponibles opciones de pago por cuenta propia.<\/p><p><a href=\"https:\/\/teleicare.com\/es\/subscription-pricing\/\">Learn more about membership options.\u00a0<\/a><\/p>\t\t\t\t\t\t\t\t<\/div>\n\t\t\t\t<div class=\"elementor-element elementor-element-7d9c6f3d elementor-widget elementor-widget-heading\" data-id=\"7d9c6f3d\" data-element_type=\"widget\" data-e-type=\"widget\" data-widget_type=\"heading.default\">\n\t\t\t\t\t<h3 class=\"elementor-heading-title elementor-size-default\">Informaci\u00f3n importante<\/h3>\t\t\t\t<\/div>\n\t\t\t\t<div class=\"elementor-element elementor-element-3a63480e elementor-widget elementor-widget-text-editor\" data-id=\"3a63480e\" data-element_type=\"widget\" data-e-type=\"widget\" data-widget_type=\"text-editor.default\">\n\t\t\t\t\t\t\t\t\t<p>TeleiCare proporciona servicios m\u00e9dicos a trav\u00e9s de telesalud cuando es cl\u00ednicamente apropiado.<\/p><p>TeleiCare no proporciona servicios de emergencia.<\/p><p>En caso de emergencia m\u00e9dica, llame al 911 o acuda al servicio de urgencias m\u00e1s cercano.<\/p><p>Este sitio web no recopila informaci\u00f3n m\u00e9dica protegida.<\/p>\t\t\t\t\t\t\t\t<\/div>\n\t\t\t\t<div class=\"elementor-element elementor-element-ffcf0ac elementor-widget elementor-widget-heading\" data-id=\"ffcf0ac\" data-element_type=\"widget\" data-e-type=\"widget\" data-widget_type=\"heading.default\">\n\t\t\t\t\t<h3 class=\"elementor-heading-title elementor-size-default\">Frequently Asked Questions\u00a0| Telehealth Urgent Care Colorado<\/h3>\t\t\t\t<\/div>\n\t\t\t\t<div class=\"elementor-element elementor-element-023ac08 elementor-widget elementor-widget-text-editor\" data-id=\"023ac08\" data-element_type=\"widget\" data-e-type=\"widget\" data-widget_type=\"text-editor.default\">\n\t\t\t\t\t\t\t\t\t<p>Do I need an appointment for urgent telehealth visits?<\/p><p>No, same-day virtual appointments are available.\u00a0<\/p><p>What conditions can be treated through telehealth urgent care?<\/p><p>Common conditions include cold and flu symptoms, UTIs, allergies, and minor illnesses.\u00a0<\/p><p>Is telehealth urgent care covered by insurance?\u00a0<\/p><p>Coverage varies. TeleiCare accepts many insurance plans and offers self-pay options.\u00a0<\/p><p>Telehealth urgent care in Colorado provides a convenient way to receive fast, same-day medical care without visiting a clinic. TeleiCare&#8217;s telehealth urgent care services in Colorado are designed to help patients manage common illnesses quickly and safely from home.\u00a0<\/p><p>Telehealth urgent care Colorado services provide a reliable and efficient way for patients to receive timely medical attention without the need for travel, offering convenience, accessibility, and high-quality care through secure virtual visits with licensed providers who prioritize patient safety, accurate diagnosis, and personalized treatment plans.<\/p>\t\t\t\t\t\t\t\t<\/div>\n\t\t\t\t<div class=\"elementor-element elementor-element-1a1c03b track-cta elementor-align-center elementor-widget elementor-widget-button\" data-id=\"1a1c03b\" data-element_type=\"widget\" data-e-type=\"widget\" data-widget_type=\"button.default\">\n\t\t\t\t\t\t\t\t\t\t<a class=\"elementor-button elementor-button-link elementor-size-sm\" href=\"https:\/\/form.jotform.com\/260768649537070\" target=\"_blank\" rel=\"noopener\">\n\t\t\t\t\t\t<span class=\"elementor-button-content-wrapper\">\n\t\t\t\t\t\t\t\t\t<span class=\"elementor-button-text\">Start Your Intake<\/span>\n\t\t\t\t\t<\/span>\n\t\t\t\t\t<\/a>\n\t\t\t\t\t\t\t\t<\/div>\n\t\t\t\t<div class=\"elementor-element elementor-element-fc6f849 elementor-widget elementor-widget-text-editor\" data-id=\"fc6f849\" data-element_type=\"widget\" data-e-type=\"widget\" data-widget_type=\"text-editor.default\">\n\t\t\t\t\t\t\t\t\t<p><em><strong>Telehealth Urgent Care Colorado visits are not included in TeleiCare membership plans.<\/strong><\/em><\/p>\t\t\t\t\t\t\t\t<\/div>\n\t\t\t\t<\/div>\n\t\t\t\t\t<\/div>\n\t\t\t\t<\/div>\n\t\t\t\t<\/div>","protected":false},"excerpt":{"rendered":"<p>Telehealth urgent care Colorado services help patients avoid long wait times while still receiving high-quality care from licensed medical providers.\u00a0 [&hellip;]<\/p>\n","protected":false},"author":1,"featured_media":0,"parent":224,"menu_order":0,"comment_status":"closed","ping_status":"closed","template":"elementor_header_footer","meta":{"site-sidebar-layout":"no-sidebar","site-content-layout":"","ast-site-content-layout":"full-width-container","site-content-style":"default","site-sidebar-style":"default","ast-global-header-display":"","ast-banner-title-visibility":"","ast-main-header-display":"","ast-hfb-above-header-display":"","ast-hfb-below-header-display":"","ast-hfb-mobile-header-display":"","site-post-title":"","ast-breadcrumbs-content":"","ast-featured-img":"disabled","footer-sml-layout":"","ast-disable-related-posts":"","theme-transparent-header-meta":"","adv-header-id-meta":"","stick-header-meta":"","header-above-stick-meta":"","header-main-stick-meta":"","header-below-stick-meta":"","astra-migrate-meta-layouts":"default","ast-page-background-enabled":"default","ast-page-background-meta":{"desktop":{"background-color":"var(--ast-global-color-5)","background-image":"","background-repeat":"repeat","background-position":"center center","background-size":"auto","background-attachment":"scroll","background-type":"","background-media":"","overlay-type":"","overlay-color":"","overlay-opacity":"","overlay-gradient":""},"tablet":{"background-color":"","background-image":"","background-repeat":"repeat","background-position":"center center","background-size":"auto","background-attachment":"scroll","background-type":"","background-media":"","overlay-type":"","overlay-color":"","overlay-opacity":"","overlay-gradient":""},"mobile":{"background-color":"","background-image":"","background-repeat":"repeat","background-position":"center center","background-size":"auto","background-attachment":"scroll","background-type":"","background-media":"","overlay-type":"","overlay-color":"","overlay-opacity":"","overlay-gradient":""}},"ast-content-background-meta":{"desktop":{"background-color":"var(--ast-global-color-4)","background-image":"","background-repeat":"repeat","background-position":"center center","background-size":"auto","background-attachment":"scroll","background-type":"","background-media":"","overlay-type":"","overlay-color":"","overlay-opacity":"","overlay-gradient":""},"tablet":{"background-color":"var(--ast-global-color-4)","background-image":"","background-repeat":"repeat","background-position":"center center","background-size":"auto","background-attachment":"scroll","background-type":"","background-media":"","overlay-type":"","overlay-color":"","overlay-opacity":"","overlay-gradient":""},"mobile":{"background-color":"var(--ast-global-color-4)","background-image":"","background-repeat":"repeat","background-position":"center center","background-size":"auto","background-attachment":"scroll","background-type":"","background-media":"","overlay-type":"","overlay-color":"","overlay-opacity":"","overlay-gradient":""}},"footnotes":""},"class_list":["post-541","page","type-page","status-publish","hentry"],"_links":{"self":[{"href":"https:\/\/teleicare.com\/es\/wp-json\/wp\/v2\/pages\/541","targetHints":{"allow":["GET"]}}],"collection":[{"href":"https:\/\/teleicare.com\/es\/wp-json\/wp\/v2\/pages"}],"about":[{"href":"https:\/\/teleicare.com\/es\/wp-json\/wp\/v2\/types\/page"}],"author":[{"embeddable":true,"href":"https:\/\/teleicare.com\/es\/wp-json\/wp\/v2\/users\/1"}],"replies":[{"embeddable":true,"href":"https:\/\/teleicare.com\/es\/wp-json\/wp\/v2\/comments?post=541"}],"version-history":[{"count":145,"href":"https:\/\/teleicare.com\/es\/wp-json\/wp\/v2\/pages\/541\/revisions"}],"predecessor-version":[{"id":3881,"href":"https:\/\/teleicare.com\/es\/wp-json\/wp\/v2\/pages\/541\/revisions\/3881"}],"up":[{"embeddable":true,"href":"https:\/\/teleicare.com\/es\/wp-json\/wp\/v2\/pages\/224"}],"wp:attachment":[{"href":"https:\/\/teleicare.com\/es\/wp-json\/wp\/v2\/media?parent=541"}],"curies":[{"name":"wp","href":"https:\/\/api.w.org\/{rel}","templated":true}]}}