{"id":543,"date":"2026-01-26T07:33:33","date_gmt":"2026-01-26T07:33:33","guid":{"rendered":"https:\/\/teleicare.com\/?page_id=543"},"modified":"2026-03-20T11:32:53","modified_gmt":"2026-03-20T11:32:53","slug":"remote-patient-monitoring-colorado","status":"publish","type":"page","link":"https:\/\/teleicare.com\/es\/telehealth-services-colorado\/remote-patient-monitoring-colorado\/","title":{"rendered":"Monitoreo Remoto de Pacientes"},"content":{"rendered":"<div data-elementor-type=\"wp-page\" data-elementor-id=\"543\" class=\"elementor elementor-543\">\n\t\t\t\t<div class=\"elementor-element elementor-element-15fea40 e-flex e-con-boxed e-con e-parent\" data-id=\"15fea40\" data-element_type=\"container\" data-e-type=\"container\">\n\t\t\t\t\t<div class=\"e-con-inner\">\n\t\t\t\t<div class=\"elementor-element elementor-element-8ef75c8 elementor-widget elementor-widget-image\" data-id=\"8ef75c8\" data-element_type=\"widget\" data-e-type=\"widget\" data-widget_type=\"image.default\">\n\t\t\t\t\t\t\t\t\t\t\t\t\t\t\t<img fetchpriority=\"high\" decoding=\"async\" width=\"1536\" height=\"1024\" src=\"https:\/\/teleicare.com\/wp-content\/uploads\/2026\/04\/TELEICARE-REMOTE-MONITORING.jpg\" class=\"attachment-full size-full wp-image-3044\" alt=\"Remote patient monitoring colorado device and telehealth care\" srcset=\"https:\/\/teleicare.com\/wp-content\/uploads\/2026\/04\/TELEICARE-REMOTE-MONITORING.jpg 1536w, https:\/\/teleicare.com\/wp-content\/uploads\/2026\/04\/TELEICARE-REMOTE-MONITORING-300x200.jpg 300w, https:\/\/teleicare.com\/wp-content\/uploads\/2026\/04\/TELEICARE-REMOTE-MONITORING-1024x683.jpg 1024w, https:\/\/teleicare.com\/wp-content\/uploads\/2026\/04\/TELEICARE-REMOTE-MONITORING-768x512.jpg 768w, https:\/\/teleicare.com\/wp-content\/uploads\/2026\/04\/TELEICARE-REMOTE-MONITORING-18x12.jpg 18w, https:\/\/teleicare.com\/wp-content\/uploads\/2026\/04\/TELEICARE-REMOTE-MONITORING-20x13.jpg 20w\" sizes=\"(max-width: 1536px) 100vw, 1536px\" \/>\t\t\t\t\t\t\t\t\t\t\t\t\t\t\t<\/div>\n\t\t\t\t\t<\/div>\n\t\t\t\t<\/div>\n\t\t<div class=\"elementor-element elementor-element-4559d90 e-flex e-con-boxed e-con e-parent\" data-id=\"4559d90\" data-element_type=\"container\" data-e-type=\"container\">\n\t\t\t\t\t<div class=\"e-con-inner\">\n\t\t\t\t<div class=\"elementor-element elementor-element-e607fee elementor-align-center elementor-widget elementor-widget-button\" data-id=\"e607fee\" data-element_type=\"widget\" data-e-type=\"widget\" data-widget_type=\"button.default\">\n\t\t\t\t\t\t\t\t\t\t<a class=\"elementor-button elementor-button-link elementor-size-sm\" href=\"https:\/\/form.jotform.com\/260760620440044\" target=\"_blank\" rel=\"noopener\">\n\t\t\t\t\t\t<span class=\"elementor-button-content-wrapper\">\n\t\t\t\t\t\t\t\t\t<span class=\"elementor-button-text\">Enroll in RPM Today <\/span>\n\t\t\t\t\t<\/span>\n\t\t\t\t\t<\/a>\n\t\t\t\t\t\t\t\t<\/div>\n\t\t\t\t\t<\/div>\n\t\t\t\t<\/div>\n\t\t<div class=\"elementor-element elementor-element-1f04dc30 e-flex e-con-boxed e-con e-parent\" data-id=\"1f04dc30\" data-element_type=\"container\" data-e-type=\"container\" data-settings=\"{&quot;background_background&quot;:&quot;classic&quot;}\">\n\t\t\t\t\t<div class=\"e-con-inner\">\n\t\t<div class=\"elementor-element elementor-element-34fc9e63 e-con-full e-flex e-con e-child\" data-id=\"34fc9e63\" data-element_type=\"container\" data-e-type=\"container\" data-settings=\"{&quot;background_background&quot;:&quot;classic&quot;}\">\n\t\t\t\t<div class=\"elementor-element elementor-element-850e0ee elementor-widget elementor-widget-heading\" data-id=\"850e0ee\" data-element_type=\"widget\" data-e-type=\"widget\" data-widget_type=\"heading.default\">\n\t\t\t\t\t<h3 class=\"elementor-heading-title elementor-size-default\">Top Benefits of Remote Patient Monitoring Colorado<\/h3>\t\t\t\t<\/div>\n\t\t\t\t<div class=\"elementor-element elementor-element-2389e5f elementor-widget elementor-widget-text-editor\" data-id=\"2389e5f\" data-element_type=\"widget\" data-e-type=\"widget\" data-widget_type=\"text-editor.default\">\n\t\t\t\t\t\t\t\t\t<ul><li>Continuous monitoring of vital signs<\/li><li>Early detections of health issues<\/li><li>reduced hospital admissions<\/li><li>Improved chronic disease management\u00a0<\/li><li>Covenient care from home<\/li><li>Better communication with providers<\/li><\/ul>\t\t\t\t\t\t\t\t<\/div>\n\t\t\t\t<div class=\"elementor-element elementor-element-628aa93 elementor-widget elementor-widget-heading\" data-id=\"628aa93\" data-element_type=\"widget\" data-e-type=\"widget\" data-widget_type=\"heading.default\">\n\t\t\t\t\t<h3 class=\"elementor-heading-title elementor-size-default\">What Is Remote Patient Monitoring in Colorado?<\/h3>\t\t\t\t<\/div>\n\t\t\t\t<div class=\"elementor-element elementor-element-2aa514a elementor-widget elementor-widget-text-editor\" data-id=\"2aa514a\" data-element_type=\"widget\" data-e-type=\"widget\" data-widget_type=\"text-editor.default\">\n\t\t\t\t\t\t\t\t\t<p>Remote patient monitoring Colorado services allow patients to manage chronic conditions from home using connected health devices and continuous provider support. TeleiCare offers remote patient monitoring in Colorado to track vital signs, improve outcomes, and reduce unnecessary hospital visits.<\/p>\t\t\t\t\t\t\t\t<\/div>\n\t\t\t\t<div class=\"elementor-element elementor-element-5482a759 elementor-widget elementor-widget-heading\" data-id=\"5482a759\" data-element_type=\"widget\" data-e-type=\"widget\" data-widget_type=\"heading.default\">\n\t\t\t\t\t<h3 class=\"elementor-heading-title elementor-size-default\">How Remote Patient Monitoring Works? <\/h3>\t\t\t\t<\/div>\n\t\t\t\t<div class=\"elementor-element elementor-element-62580340 elementor-widget elementor-widget-text-editor\" data-id=\"62580340\" data-element_type=\"widget\" data-e-type=\"widget\" data-widget_type=\"text-editor.default\">\n\t\t\t\t\t\t\t\t\t<p>Remote patient monitoring Colorado uses digital devices to track health data such as blood pressure, glucose levels, heart rate, and more. This data is securely shared with healthcare providers for ongoing evaluation and care management.<\/p>\t\t\t\t\t\t\t\t<\/div>\n\t\t\t\t<div class=\"elementor-element elementor-element-13bbf543 elementor-widget elementor-widget-text-editor\" data-id=\"13bbf543\" data-element_type=\"widget\" data-e-type=\"widget\" data-widget_type=\"text-editor.default\">\n\t\t\t\t\t\t\t\t\t<ul><li>Patients receive monitoring devices<\/li><li>Health data is automatically transmitted<\/li><li>Providers review data regularly<\/li><li>Care plans are adjusted as needed<\/li><li>Follow-up communication is provided<\/li><\/ul>\t\t\t\t\t\t\t\t<\/div>\n\t\t\t\t<div class=\"elementor-element elementor-element-d69fdf5 elementor-widget elementor-widget-heading\" data-id=\"d69fdf5\" data-element_type=\"widget\" data-e-type=\"widget\" data-widget_type=\"heading.default\">\n\t\t\t\t\t<h2 class=\"elementor-heading-title elementor-size-default\">Conditions Managed with Remote Patient monitoring in Colorado<\/h2>\t\t\t\t<\/div>\n\t\t\t\t<div class=\"elementor-element elementor-element-502862b elementor-widget elementor-widget-text-editor\" data-id=\"502862b\" data-element_type=\"widget\" data-e-type=\"widget\" data-widget_type=\"text-editor.default\">\n\t\t\t\t\t\t\t\t\t<ul><li>Hypertension (high blood pressure)<\/li><li>Diabetes and blood glucose monitoring\u00a0<\/li><li>Heart Disease and Cardiovasuclar conditions\u00a0<\/li><li>COPD and asthma<\/li><li>Weight monitoring for cardiac or kidney conditions<\/li><li>Patients needing frequent follow-up between visits\u00a0<\/li><\/ul>\t\t\t\t\t\t\t\t<\/div>\n\t\t\t\t<div class=\"elementor-element elementor-element-7bcbc15 elementor-widget elementor-widget-heading\" data-id=\"7bcbc15\" data-element_type=\"widget\" data-e-type=\"widget\" data-widget_type=\"heading.default\">\n\t\t\t\t\t<h2 class=\"elementor-heading-title elementor-size-default\">Benefits of Remote Patient Monitoring Colorado<\/h2>\t\t\t\t<\/div>\n\t\t\t\t<div class=\"elementor-element elementor-element-8476037 elementor-widget elementor-widget-text-editor\" data-id=\"8476037\" data-element_type=\"widget\" data-e-type=\"widget\" data-widget_type=\"text-editor.default\">\n\t\t\t\t\t\t\t\t\t<ul><li>Continuous health tracking<\/li><li>Early detection of issues<\/li><li>Fewer hospital visits<\/li><li>Improved chronic disease management<\/li><li>Convenient care from home<\/li><\/ul>\t\t\t\t\t\t\t\t<\/div>\n\t\t\t\t<div class=\"elementor-element elementor-element-c1c45b3 elementor-widget elementor-widget-heading\" data-id=\"c1c45b3\" data-element_type=\"widget\" data-e-type=\"widget\" data-widget_type=\"heading.default\">\n\t\t\t\t\t<h2 class=\"elementor-heading-title elementor-size-default\">Remote Patient Monitoring vs Traditional Care<\/h2>\t\t\t\t<\/div>\n\t\t\t\t<div class=\"elementor-element elementor-element-45da482 elementor-widget elementor-widget-text-editor\" data-id=\"45da482\" data-element_type=\"widget\" data-e-type=\"widget\" data-widget_type=\"text-editor.default\">\n\t\t\t\t\t\t\t\t\t<p>Remote patient monitoring Colorado provides ongoing insights into patient health, unlike traditional visits that rely on occasional checkups. This allows for faster intervention and better long-term outcomes.<\/p>\t\t\t\t\t\t\t\t<\/div>\n\t\t\t\t<div class=\"elementor-element elementor-element-adf4ade elementor-widget elementor-widget-heading\" data-id=\"adf4ade\" data-element_type=\"widget\" data-e-type=\"widget\" data-widget_type=\"heading.default\">\n\t\t\t\t\t<h2 class=\"elementor-heading-title elementor-size-default\">Who Should Use Remote Patient Monitoring in Colorado?<\/h2>\t\t\t\t<\/div>\n\t\t\t\t<div class=\"elementor-element elementor-element-0663d75 elementor-widget elementor-widget-text-editor\" data-id=\"0663d75\" data-element_type=\"widget\" data-e-type=\"widget\" data-widget_type=\"text-editor.default\">\n\t\t\t\t\t\t\t\t\t<p>Remote patient monitoring in Colorado is ideal for patients with chronic conditions who need consistent monitoring, those recently discharged from the hospital, or individuals who prefer proactive, at-home healthcare.\u00a0<\/p><p>\u00a0<\/p>\t\t\t\t\t\t\t\t<\/div>\n\t\t\t\t<div class=\"elementor-element elementor-element-d8feb8a elementor-widget elementor-widget-heading\" data-id=\"d8feb8a\" data-element_type=\"widget\" data-e-type=\"widget\" data-widget_type=\"heading.default\">\n\t\t\t\t\t<h3 class=\"elementor-heading-title elementor-size-default\">Who Qualifies for Remote Patient Monitoring Colorado? <\/h3>\t\t\t\t<\/div>\n\t\t\t\t<div class=\"elementor-element elementor-element-7b93060 elementor-widget elementor-widget-text-editor\" data-id=\"7b93060\" data-element_type=\"widget\" data-e-type=\"widget\" data-widget_type=\"text-editor.default\">\n\t\t\t\t\t\t\t\t\t<p><a href=\"https:\/\/form.jotform.com\/260760189925062\" target=\"_blank\" rel=\"noopener\">Remote Patient Monitoring\u00a0 (RPM) may be recommended for patients managing chronic conditions<\/a> or requiring ongoing clinical oversight. Eligibility is determined based on medical necessity, clinical appropriateness, and insurance coverage when applicable.\u00a0<\/p>\t\t\t\t\t\t\t\t<\/div>\n\t\t\t\t<div class=\"elementor-element elementor-element-647cebe8 elementor-widget elementor-widget-heading\" data-id=\"647cebe8\" data-element_type=\"widget\" data-e-type=\"widget\" data-widget_type=\"heading.default\">\n\t\t\t\t\t<h3 class=\"elementor-heading-title elementor-size-default\">Servicios de monitorizaci\u00f3n informativos y basados en la elegibilidad<\/h3>\t\t\t\t<\/div>\n\t\t\t\t<div class=\"elementor-element elementor-element-4b8ce730 elementor-widget elementor-widget-text-editor\" data-id=\"4b8ce730\" data-element_type=\"widget\" data-e-type=\"widget\" data-widget_type=\"text-editor.default\">\n\t\t\t\t\t\t\t\t\t<p>Remote Patient Monitoring (RPM) Colorado is offered by TeleiCare as an informational, eligibility-based service when clinically appropriate. RPM may be used as part of an individual\u2019s overall care plan to support ongoing monitoring and care coordination between scheduled telehealth visits.<\/p><p>Participation in Remote Patient Monitoring Colorado is determined based on clinical appropriateness and coverage eligibility.<\/p><p>Remote patient monitoring Colorado services provide continuous support for patients managing chronic conditions by allowing healthcare providers to track health data in real time, identify potential concerns early, and adjust treatment plans to quickly to improve outcomes and reduce unnecessary hospital visits while ensuring patients receive consistent, high-quality care from home.\u00a0<\/p><p><a href=\"https:\/\/www.cms.gov\" target=\"_blank\" rel=\"noopener\">According to the Centers for Medicare &amp; Medicaid Services (CMS), remote patient monitoring improves patient outcomes and reduces hospitalizations.<\/a>\u00a0<\/p>\t\t\t\t\t\t\t\t<\/div>\n\t\t\t\t<div class=\"elementor-element elementor-element-6b89e6d9 elementor-widget elementor-widget-heading\" data-id=\"6b89e6d9\" data-element_type=\"widget\" data-e-type=\"widget\" data-widget_type=\"heading.default\">\n\t\t\t\t\t<h3 class=\"elementor-heading-title elementor-size-default\">Telehealth Remote Patient Monitoring Services Across Colorado<\/h3>\t\t\t\t<\/div>\n\t\t\t\t<div class=\"elementor-element elementor-element-7ec1ecb elementor-widget elementor-widget-text-editor\" data-id=\"7ec1ecb\" data-element_type=\"widget\" data-e-type=\"widget\" data-widget_type=\"text-editor.default\">\n\t\t\t\t\t\t\t\t\t<p>TeleiCare provides remote patient monitoring services across Colorado, including both urban and rural communities. Our telehealth platform allows patients to receive consistent, high-quality care without unnecessary travel, improving access to primary care and chronic disease management.\u00a0<\/p><p>Remote patient monitoring in Colorado helps patients stay engaged in their care while giving providers better insights into their overall health trends.\u00a0<\/p>\t\t\t\t\t\t\t\t<\/div>\n\t\t\t\t<div class=\"elementor-element elementor-element-68a8c36 elementor-widget elementor-widget-text-editor\" data-id=\"68a8c36\" data-element_type=\"widget\" data-e-type=\"widget\" data-widget_type=\"text-editor.default\">\n\t\t\t\t\t\t\t\t\t<p>For patients needing routine care explore our <a href=\"https:\/\/teleicare.com\/es\/telehealth-services-colorado\/telehealth-primary-care-colorado\/\">Primary Care Services<\/a>. If you require urgent care treatment, visit our <a href=\"https:\/\/teleicare.com\/es\/telehealth-services-colorado\/telehealth-urgent-care-colorado\/\">Acute Care page<\/a> for same-day virtual visits and for <a href=\"https:\/\/teleicare.com\/es\/telehealth-services-colorado\/chronic-care-management-colorado\/\">chronic care management click here<\/a>.<\/p><p>Patients enrolled in remote patient monitoring Colorado program often benefit from both primary care and chronic care management services for comprehensive support.\u00a0<\/p>\t\t\t\t\t\t\t\t<\/div>\n\t\t\t\t<div class=\"elementor-element elementor-element-414629e elementor-widget elementor-widget-heading\" data-id=\"414629e\" data-element_type=\"widget\" data-e-type=\"widget\" data-widget_type=\"heading.default\">\n\t\t\t\t\t<h3 class=\"elementor-heading-title elementor-size-default\">Remote Patient Monitoring Eligibility and Insurance Coverage<\/h3>\t\t\t\t<\/div>\n\t\t\t\t<div class=\"elementor-element elementor-element-4224ea9e elementor-widget elementor-widget-text-editor\" data-id=\"4224ea9e\" data-element_type=\"widget\" data-e-type=\"widget\" data-widget_type=\"text-editor.default\">\n\t\t\t\t\t\t\t\t\t<p>Remote Patient Monitoring Colorado may be covered by Medicare or other insurance plans when eligibility requirements are met. Coverage varies by plan, service, and clinical indication, and benefits are verified prior to enrollment.<\/p><p>La RPM solo se ofrece cuando es cl\u00ednicamente apropiada y como parte de un plan de atenci\u00f3n m\u00e1s amplio.<\/p>\t\t\t\t\t\t\t\t<\/div>\n\t\t\t\t<div class=\"elementor-element elementor-element-8373fab elementor-widget elementor-widget-heading\" data-id=\"8373fab\" data-element_type=\"widget\" data-e-type=\"widget\" data-widget_type=\"heading.default\">\n\t\t\t\t\t<h3 class=\"elementor-heading-title elementor-size-default\">FAQ\" Remote Patient Monitoring Colorado<\/h3>\t\t\t\t<\/div>\n\t\t\t\t<div class=\"elementor-element elementor-element-cb86060 elementor-widget elementor-widget-heading\" data-id=\"cb86060\" data-element_type=\"widget\" data-e-type=\"widget\" data-widget_type=\"heading.default\">\n\t\t\t\t\t<h3 class=\"elementor-heading-title elementor-size-default\">What is remote patient monitoring? <\/h3>\t\t\t\t<\/div>\n\t\t\t\t<div class=\"elementor-element elementor-element-831c184 elementor-widget elementor-widget-text-editor\" data-id=\"831c184\" data-element_type=\"widget\" data-e-type=\"widget\" data-widget_type=\"text-editor.default\">\n\t\t\t\t\t\t\t\t\t<p>Remote patient monitoring alows healthcare providers to track patient health care date using connected devices without requiring in person visits.\u00a0<\/p>\t\t\t\t\t\t\t\t<\/div>\n\t\t\t\t<div class=\"elementor-element elementor-element-3c87d27 elementor-widget elementor-widget-heading\" data-id=\"3c87d27\" data-element_type=\"widget\" data-e-type=\"widget\" data-widget_type=\"heading.default\">\n\t\t\t\t\t<h3 class=\"elementor-heading-title elementor-size-default\">Who qualifies for remote patient monitoring in Colorado?  <\/h3>\t\t\t\t<\/div>\n\t\t\t\t<div class=\"elementor-element elementor-element-60049ae9 elementor-widget elementor-widget-heading\" data-id=\"60049ae9\" data-element_type=\"widget\" data-e-type=\"widget\" data-widget_type=\"heading.default\">\n\t\t\t\t\t<h3 class=\"elementor-heading-title elementor-size-default\">Informaci\u00f3n importante<\/h3>\t\t\t\t<\/div>\n\t\t\t\t<div class=\"elementor-element elementor-element-e49ecb4 elementor-widget elementor-widget-text-editor\" data-id=\"e49ecb4\" data-element_type=\"widget\" data-e-type=\"widget\" data-widget_type=\"text-editor.default\">\n\t\t\t\t\t\t\t\t\t<p>Patients with chronic conditions or those needing continuous monitoring may qualify for remote patient monitoring services.\u00a0<\/p>\t\t\t\t\t\t\t\t<\/div>\n\t\t\t\t<div class=\"elementor-element elementor-element-7eac70c5 elementor-widget elementor-widget-text-editor\" data-id=\"7eac70c5\" data-element_type=\"widget\" data-e-type=\"widget\" data-widget_type=\"text-editor.default\">\n\t\t\t\t\t\t\t\t\t<p>TeleiCare proporciona servicios m\u00e9dicos a trav\u00e9s de telesalud cuando es cl\u00ednicamente apropiado.<\/p><p>TeleiCare no proporciona servicios de emergencia.<\/p><p>En caso de emergencia m\u00e9dica, llame al 911 o acuda al servicio de urgencias m\u00e1s cercano.<\/p><p>Este sitio web no recopila informaci\u00f3n m\u00e9dica protegida.<\/p>\t\t\t\t\t\t\t\t<\/div>\n\t\t\t\t<div class=\"elementor-element elementor-element-3fb1c6c elementor-widget elementor-widget-text-editor\" data-id=\"3fb1c6c\" data-element_type=\"widget\" data-e-type=\"widget\" data-widget_type=\"text-editor.default\">\n\t\t\t\t\t\t\t\t\t<p>Remote patient monitoring Colorado allows health providers to track patient health data using connected devices without requiring in-person visits.\u00a0<\/p>\t\t\t\t\t\t\t\t<\/div>\n\t\t\t\t<div class=\"elementor-element elementor-element-8e7fe58 elementor-widget elementor-widget-text-editor\" data-id=\"8e7fe58\" data-element_type=\"widget\" data-e-type=\"widget\" data-widget_type=\"text-editor.default\">\n\t\t\t\t\t\t\t\t\t<p><a href=\"https:\/\/teleicare.com\/es\/telehealth-services-colorado\/telehealth-primary-care-colorado\/\">Learn more about Telehealth primary care Colorado services.\u00a0<\/a><\/p>\t\t\t\t\t\t\t\t<\/div>\n\t\t\t\t<div class=\"elementor-element elementor-element-e092545 track-cta elementor-align-center elementor-widget elementor-widget-button\" data-id=\"e092545\" data-element_type=\"widget\" data-e-type=\"widget\" data-widget_type=\"button.default\">\n\t\t\t\t\t\t\t\t\t\t<a class=\"elementor-button elementor-button-link elementor-size-sm\" href=\"https:\/\/form.jotform.com\/260760620440044\" target=\"_blank\" rel=\"noopener\">\n\t\t\t\t\t\t<span class=\"elementor-button-content-wrapper\">\n\t\t\t\t\t\t\t\t\t<span class=\"elementor-button-text\">Get Started with Remote Patient Monitoring <\/span>\n\t\t\t\t\t<\/span>\n\t\t\t\t\t<\/a>\n\t\t\t\t\t\t\t\t<\/div>\n\t\t\t\t<\/div>\n\t\t\t\t\t<\/div>\n\t\t\t\t<\/div>\n\t\t\t\t<\/div>","protected":false},"excerpt":{"rendered":"<p>Enroll in RPM Today Top Benefits of Remote Patient Monitoring Colorado Continuous monitoring of vital signs Early detections of health [&hellip;]<\/p>\n","protected":false},"author":1,"featured_media":0,"parent":224,"menu_order":0,"comment_status":"closed","ping_status":"closed","template":"elementor_header_footer","meta":{"site-sidebar-layout":"no-sidebar","site-content-layout":"","ast-site-content-layout":"full-width-container","site-content-style":"default","site-sidebar-style":"default","ast-global-header-display":"","ast-banner-title-visibility":"","ast-main-header-display":"","ast-hfb-above-header-display":"","ast-hfb-below-header-display":"","ast-hfb-mobile-header-display":"","site-post-title":"","ast-breadcrumbs-content":"","ast-featured-img":"disabled","footer-sml-layout":"","ast-disable-related-posts":"","theme-transparent-header-meta":"","adv-header-id-meta":"","stick-header-meta":"","header-above-stick-meta":"","header-main-stick-meta":"","header-below-stick-meta":"","astra-migrate-meta-layouts":"default","ast-page-background-enabled":"default","ast-page-background-meta":{"desktop":{"background-color":"var(--ast-global-color-5)","background-image":"","background-repeat":"repeat","background-position":"center center","background-size":"auto","background-attachment":"scroll","background-type":"","background-media":"","overlay-type":"","overlay-color":"","overlay-opacity":"","overlay-gradient":""},"tablet":{"background-color":"","background-image":"","background-repeat":"repeat","background-position":"center center","background-size":"auto","background-attachment":"scroll","background-type":"","background-media":"","overlay-type":"","overlay-color":"","overlay-opacity":"","overlay-gradient":""},"mobile":{"background-color":"","background-image":"","background-repeat":"repeat","background-position":"center center","background-size":"auto","background-attachment":"scroll","background-type":"","background-media":"","overlay-type":"","overlay-color":"","overlay-opacity":"","overlay-gradient":""}},"ast-content-background-meta":{"desktop":{"background-color":"var(--ast-global-color-4)","background-image":"","background-repeat":"repeat","background-position":"center center","background-size":"auto","background-attachment":"scroll","background-type":"","background-media":"","overlay-type":"","overlay-color":"","overlay-opacity":"","overlay-gradient":""},"tablet":{"background-color":"var(--ast-global-color-4)","background-image":"","background-repeat":"repeat","background-position":"center center","background-size":"auto","background-attachment":"scroll","background-type":"","background-media":"","overlay-type":"","overlay-color":"","overlay-opacity":"","overlay-gradient":""},"mobile":{"background-color":"var(--ast-global-color-4)","background-image":"","background-repeat":"repeat","background-position":"center center","background-size":"auto","background-attachment":"scroll","background-type":"","background-media":"","overlay-type":"","overlay-color":"","overlay-opacity":"","overlay-gradient":""}},"footnotes":""},"class_list":["post-543","page","type-page","status-publish","hentry"],"_links":{"self":[{"href":"https:\/\/teleicare.com\/es\/wp-json\/wp\/v2\/pages\/543","targetHints":{"allow":["GET"]}}],"collection":[{"href":"https:\/\/teleicare.com\/es\/wp-json\/wp\/v2\/pages"}],"about":[{"href":"https:\/\/teleicare.com\/es\/wp-json\/wp\/v2\/types\/page"}],"author":[{"embeddable":true,"href":"https:\/\/teleicare.com\/es\/wp-json\/wp\/v2\/users\/1"}],"replies":[{"embeddable":true,"href":"https:\/\/teleicare.com\/es\/wp-json\/wp\/v2\/comments?post=543"}],"version-history":[{"count":130,"href":"https:\/\/teleicare.com\/es\/wp-json\/wp\/v2\/pages\/543\/revisions"}],"predecessor-version":[{"id":3601,"href":"https:\/\/teleicare.com\/es\/wp-json\/wp\/v2\/pages\/543\/revisions\/3601"}],"up":[{"embeddable":true,"href":"https:\/\/teleicare.com\/es\/wp-json\/wp\/v2\/pages\/224"}],"wp:attachment":[{"href":"https:\/\/teleicare.com\/es\/wp-json\/wp\/v2\/media?parent=543"}],"curies":[{"name":"wp","href":"https:\/\/api.w.org\/{rel}","templated":true}]}}