{"id":614,"date":"2026-01-26T08:28:23","date_gmt":"2026-01-26T08:28:23","guid":{"rendered":"https:\/\/teleicare.com\/?page_id=614"},"modified":"2026-02-24T07:26:02","modified_gmt":"2026-02-24T07:26:02","slug":"affordable-telehealth-insurance-colorado","status":"publish","type":"page","link":"https:\/\/teleicare.com\/es\/affordable-telehealth-insurance-colorado\/","title":{"rendered":"Seguros y precios"},"content":{"rendered":"<div data-elementor-type=\"wp-page\" data-elementor-id=\"614\" class=\"elementor elementor-614\">\n\t\t\t\t<div class=\"elementor-element elementor-element-10e3a1f e-flex e-con-boxed e-con e-parent\" data-id=\"10e3a1f\" data-element_type=\"container\" data-e-type=\"container\">\n\t\t\t\t\t<div class=\"e-con-inner\">\n\t\t\t\t<div class=\"elementor-element elementor-element-80959e3 elementor-widget elementor-widget-image\" data-id=\"80959e3\" data-element_type=\"widget\" data-e-type=\"widget\" data-widget_type=\"image.default\">\n\t\t\t\t\t\t\t\t\t\t\t\t\t\t\t<img fetchpriority=\"high\" decoding=\"async\" width=\"1024\" height=\"683\" src=\"https:\/\/teleicare.com\/wp-content\/uploads\/2026\/04\/TELEICAR-INSURANCE-1024x683.jpg\" class=\"attachment-large size-large wp-image-3017\" alt=\"Telehealth insurance Colorado\" srcset=\"https:\/\/teleicare.com\/wp-content\/uploads\/2026\/04\/TELEICAR-INSURANCE-1024x683.jpg 1024w, https:\/\/teleicare.com\/wp-content\/uploads\/2026\/04\/TELEICAR-INSURANCE-300x200.jpg 300w, https:\/\/teleicare.com\/wp-content\/uploads\/2026\/04\/TELEICAR-INSURANCE-768x512.jpg 768w, https:\/\/teleicare.com\/wp-content\/uploads\/2026\/04\/TELEICAR-INSURANCE-18x12.jpg 18w, https:\/\/teleicare.com\/wp-content\/uploads\/2026\/04\/TELEICAR-INSURANCE-20x13.jpg 20w, https:\/\/teleicare.com\/wp-content\/uploads\/2026\/04\/TELEICAR-INSURANCE.jpg 1536w\" sizes=\"(max-width: 1024px) 100vw, 1024px\" \/>\t\t\t\t\t\t\t\t\t\t\t\t\t\t\t<\/div>\n\t\t\t\t\t<\/div>\n\t\t\t\t<\/div>\n\t\t<div class=\"elementor-element elementor-element-3e84afb e-flex e-con-boxed e-con e-parent\" data-id=\"3e84afb\" data-element_type=\"container\" data-e-type=\"container\">\n\t\t\t\t\t<div class=\"e-con-inner\">\n\t\t\t\t<div class=\"elementor-element elementor-element-7a713e4 elementor-widget elementor-widget-heading\" data-id=\"7a713e4\" data-element_type=\"widget\" data-e-type=\"widget\" data-widget_type=\"heading.default\">\n\t\t\t\t\t<h2 class=\"elementor-heading-title elementor-size-default\">Why TeleiCare for Telehealth Insurance in Colorado<\/h2>\t\t\t\t<\/div>\n\t\t\t\t\t<\/div>\n\t\t\t\t<\/div>\n\t\t<div class=\"elementor-element elementor-element-71d1bfa e-flex e-con-boxed e-con e-parent\" data-id=\"71d1bfa\" data-element_type=\"container\" data-e-type=\"container\">\n\t\t\t\t\t<div class=\"e-con-inner\">\n\t\t\t\t<div class=\"elementor-element elementor-element-c7b68d7 elementor-widget elementor-widget-text-editor\" data-id=\"c7b68d7\" data-element_type=\"widget\" data-e-type=\"widget\" data-widget_type=\"text-editor.default\">\n\t\t\t\t\t\t\t\t\t<p>TeleiCare is committed to delivering reliable, affordable, and accessible telehealth insurance Colorado patients can depend on. Our care model is designed to reduce barriers, improve outcomes, and provide patients with timely access to licensed providers without the delays of traditional healthcare settings. By offering flexible insurance-based care, transparent self-pay pricing, and convenient membership options, we ensure every patient can find a solution that fits their needs.<\/p><p>Our telehealth services extend across Colorado, supporting patients managing chronic conditions, acute health concerns, and post-discharge follow-up care. We coordinate closely with patients, caregivers, and healthcare partners to ensure continuity of care and clear communication at every step.<\/p><p>With TeleiCare, patients benefit from same-day appointment availability, secure HIPAA-compliant virtual visits, and personalized care plans tailored to their health goals. We also assist patients in understanding their telehealth insurance Colorado coverage, verifying benefits, and minimizing unexpected out-of-pocket costs.<\/p><p>Whether you are seeking affordable primary care, chronic care management, or transitional care services, TeleiCare provides a streamlined and patient-centered approach to virtual healthcare in Colorado.<\/p><p>Telehealth insurance Colorado patients rely on is now more accessible with TeleiCare&#8217;s affordable and flexible care options. TeleiCare offers flexible telehealth pricing options for patients across Colorado, including insurance-based care, self-pay visits, and membership plans. Membership fees are paid directly by the patient and are not submitted to insurance plans.<\/p><p>We accept Medicaid, Medicare, and select commercial insurance plans, and we also provide affordable options for uninsured patients seeking primary care and chronic care management.\u00a0<\/p><p>TeleiCare does not bill insurance for membership-based services.<\/p>\t\t\t\t\t\t\t\t<\/div>\n\t\t\t\t\t<\/div>\n\t\t\t\t<\/div>\n\t\t<div class=\"elementor-element elementor-element-5959ebd e-flex e-con-boxed e-con e-parent\" data-id=\"5959ebd\" data-element_type=\"container\" data-e-type=\"container\" data-settings=\"{&quot;background_background&quot;:&quot;classic&quot;}\">\n\t\t\t\t\t<div class=\"e-con-inner\">\n\t\t<div class=\"elementor-element elementor-element-342147b e-con-full e-flex e-con e-child\" data-id=\"342147b\" data-element_type=\"container\" data-e-type=\"container\" data-settings=\"{&quot;background_background&quot;:&quot;classic&quot;}\">\n\t\t\t\t<div class=\"elementor-element elementor-element-ecaea3c elementor-widget elementor-widget-heading\" data-id=\"ecaea3c\" data-element_type=\"widget\" data-e-type=\"widget\" data-widget_type=\"heading.default\">\n\t\t\t\t\t<h2 class=\"elementor-heading-title elementor-size-default\">Understanding Telehealth Coverage &amp; Payment Options in Colorado<\/h2>\t\t\t\t<\/div>\n\t\t\t\t<div class=\"elementor-element elementor-element-31e4a11 elementor-widget elementor-widget-text-editor\" data-id=\"31e4a11\" data-element_type=\"widget\" data-e-type=\"widget\" data-widget_type=\"text-editor.default\">\n\t\t\t\t\t\t\t\t\t<p>Our telehealth insurance Colorado services including primary care, chronic care management, and transitional care support. TeleiCare offers telehealth services to patients with insurance as well as self-pay options for patients without insurance. Coverage and eligibility vary by plan and service, and benefits are always verified prior to care.<\/p>\t\t\t\t\t\t\t\t<\/div>\n\t\t\t\t<div class=\"elementor-element elementor-element-aef7815 elementor-widget elementor-widget-heading\" data-id=\"aef7815\" data-element_type=\"widget\" data-e-type=\"widget\" data-widget_type=\"heading.default\">\n\t\t\t\t\t<h3 class=\"elementor-heading-title elementor-size-default\">Insurance-Based Telehealth Care<\/h3>\t\t\t\t<\/div>\n\t\t\t\t<div class=\"elementor-element elementor-element-be6706b elementor-widget elementor-widget-text-editor\" data-id=\"be6706b\" data-element_type=\"widget\" data-e-type=\"widget\" data-widget_type=\"text-editor.default\">\n\t\t\t\t\t\t\t\t\t<p>TeleiCare accepts many insurance plans for telehealth services, including Medicaid, Medicare, and select Medicare Advantage and commercial insurance plans. Coverage depends on your specific plan and the type of service provided.<\/p><p><strong>Important notes:<\/strong><\/p><ul><li>Coverage depends on your specific insurance plan and services provided<\/li><li>Benefits are verified before scheduling<\/li><li>Copays, deductibles, or coinsurance may apply based on your plan<\/li><\/ul><p>Insurance-based telehealth services may include primary care, acute care visits, chronic care management, and transitional care management when clinically appropriate.\u00a0<\/p><p>You can verify your eligibility or <a href=\"https:\/\/form.jotform.com\/260768649537070\" target=\"_blank\" rel=\"noopener\">schedule a visit<\/a> through our secure patient portal.\u00a0<\/p>\t\t\t\t\t\t\t\t<\/div>\n\t\t\t\t<div class=\"elementor-element elementor-element-d65c456 elementor-widget elementor-widget-heading\" data-id=\"d65c456\" data-element_type=\"widget\" data-e-type=\"widget\" data-widget_type=\"heading.default\">\n\t\t\t\t\t<h3 class=\"elementor-heading-title elementor-size-default\">Self-Pay Telehealth Options<\/h3>\t\t\t\t<\/div>\n\t\t\t\t<div class=\"elementor-element elementor-element-a1b4190 elementor-widget elementor-widget-text-editor\" data-id=\"a1b4190\" data-element_type=\"widget\" data-e-type=\"widget\" data-widget_type=\"text-editor.default\">\n\t\t\t\t\t\t\t\t\t<p>For patients without insurance, TeleiCare offers simple and transparent self-pay options for telehealth visits without long-term commitment.<\/p>\n<p><strong>On-Demand Telehealth Visits:\u00a0<\/strong><\/p>\n<ul>\n<li>$75 per virtual visit<\/li>\n<li>El pago se debe realizar en el momento de la reserva.<\/li>\n<li>Las citas perdidas no son reembolsables.<\/li>\n<li>Se aplica a la atenci\u00f3n primaria, la atenci\u00f3n aguda y la orientaci\u00f3n sobre heridas.<\/li>\n<\/ul>\n<p>You can <a href=\"https:\/\/form.jotform.com\/260768649537070\" target=\"_blank\" rel=\"noopener\">schedule your telehealth visit here<\/a><\/p>\t\t\t\t\t\t\t\t<\/div>\n\t\t\t\t<div class=\"elementor-element elementor-element-8bf1487 elementor-widget elementor-widget-heading\" data-id=\"8bf1487\" data-element_type=\"widget\" data-e-type=\"widget\" data-widget_type=\"heading.default\">\n\t\t\t\t\t<h3 class=\"elementor-heading-title elementor-size-default\">TeleiCare Membership Plans (Uninsured Patients Only)<\/h3>\t\t\t\t<\/div>\n\t\t\t\t<div class=\"elementor-element elementor-element-507a495 elementor-widget elementor-widget-text-editor\" data-id=\"507a495\" data-element_type=\"widget\" data-e-type=\"widget\" data-widget_type=\"text-editor.default\">\n\t\t\t\t\t\t\t\t\t<p>TeleiCare offers a monthly telehealth membership for patients without insurance who want consistent access to primary care services and care coordination.<\/p><p><strong>Importante:<\/strong><\/p><ul><li>Memberships are available only to uninsured patients<\/li><li>Memberships are not health insurance<\/li><li>Memberships do not replace insurance coverage<\/li><\/ul><p>Membership plan provide access to designated telehealth services within defined visit limits. Full details are available on the <a href=\"https:\/\/teleicare.com\/es\/subscription-pricing\/\">Membership &amp; Pricing page<\/a>.<\/p>\t\t\t\t\t\t\t\t<\/div>\n\t\t\t\t<div class=\"elementor-element elementor-element-99a8a3f elementor-widget elementor-widget-heading\" data-id=\"99a8a3f\" data-element_type=\"widget\" data-e-type=\"widget\" data-widget_type=\"heading.default\">\n\t\t\t\t\t<h3 class=\"elementor-heading-title elementor-size-default\">Choosing the Right Telehealth Care Option<\/h3>\t\t\t\t<\/div>\n\t\t\t\t<div class=\"elementor-element elementor-element-e2fc5c8 elementor-widget elementor-widget-text-editor\" data-id=\"e2fc5c8\" data-element_type=\"widget\" data-e-type=\"widget\" data-widget_type=\"text-editor.default\">\n\t\t\t\t\t\t\t\t\t<p>TeleiCare supports three telehealth patient pathways:<\/p>\n<ul>\n<li><strong>Insurance-based care<\/strong> (Medicare, Medicaid, select plans)<\/li>\n<li><strong>Self-pay per visit<\/strong> (uninsured patients)<\/li>\n<li><strong>Monthly membership<\/strong> (uninsured patients only)<\/li>\n<\/ul>\n<p>Our team verifies eligibility and coverage before care to help ensure clarity and avoid unexpected costs.<\/p>\t\t\t\t\t\t\t\t<\/div>\n\t\t\t\t<div class=\"elementor-element elementor-element-0a56eb6 elementor-widget elementor-widget-heading\" data-id=\"0a56eb6\" data-element_type=\"widget\" data-e-type=\"widget\" data-widget_type=\"heading.default\">\n\t\t\t\t\t<h3 class=\"elementor-heading-title elementor-size-default\">Important Telehealth &amp; Insurance Information<\/h3>\t\t\t\t<\/div>\n\t\t\t\t<div class=\"elementor-element elementor-element-a9187e8 elementor-widget elementor-widget-text-editor\" data-id=\"a9187e8\" data-element_type=\"widget\" data-e-type=\"widget\" data-widget_type=\"text-editor.default\">\n\t\t\t\t\t\t\t\t\t<p>TeleiCare proporciona servicios m\u00e9dicos a trav\u00e9s de telesalud cuando es cl\u00ednicamente apropiado.<\/p><p>TeleiCare no proporciona servicios de emergencia.<\/p><p>En caso de emergencia m\u00e9dica, llame al 911 o acuda al servicio de urgencias m\u00e1s cercano.<\/p><p>Insurance coverage varies by plan and service and is verified prior to care<\/p><p>Este sitio web no recopila informaci\u00f3n m\u00e9dica protegida.<\/p>\t\t\t\t\t\t\t\t<\/div>\n\t\t\t\t<\/div>\n\t\t\t\t\t<\/div>\n\t\t\t\t<\/div>\n\t\t<div class=\"elementor-element elementor-element-f0f2a5f e-flex e-con-boxed e-con e-parent\" data-id=\"f0f2a5f\" data-element_type=\"container\" data-e-type=\"container\">\n\t\t\t\t\t<div class=\"e-con-inner\">\n\t\t\t\t<div class=\"elementor-element elementor-element-500308f elementor-widget elementor-widget-text-editor\" data-id=\"500308f\" data-element_type=\"widget\" data-e-type=\"widget\" data-widget_type=\"text-editor.default\">\n\t\t\t\t\t\t\t\t\t<p class=\"yiv5470565443p1\"><span class=\"yiv5470565443s1\">TeleiCare is dedicated to improving access to telehealth insurance Colorado patients can depend on. Our platform is designed to reduce barriers to care, streamline communication, and provide consistent support for patients managing both acute and chronic conditions. By combining affordability, accessibility, and high-quality care, TeleiCare ensures patients across Colorado receive the services they need without unnecessary delays or confusion. Whether you are insured or exploring self-pay options, our team is here to guide you every step of the way.<\/span><\/p>\t\t\t\t\t\t\t\t<\/div>\n\t\t\t\t\t<\/div>\n\t\t\t\t<\/div>\n\t\t<div class=\"elementor-element elementor-element-7583094 e-flex e-con-boxed e-con e-parent\" data-id=\"7583094\" data-element_type=\"container\" data-e-type=\"container\">\n\t\t\t\t\t<div class=\"e-con-inner\">\n\t\t\t\t<div class=\"elementor-element elementor-element-1c3b7cb elementor-widget elementor-widget-text-editor\" data-id=\"1c3b7cb\" data-element_type=\"widget\" data-e-type=\"widget\" data-widget_type=\"text-editor.default\">\n\t\t\t\t\t\t\t\t\t<p><em><strong>Telehealth insurance Colorado patients rely on is now more acccessible with TeleiCare affordable and flexible care options.\u00a0<\/strong><\/em><\/p>\t\t\t\t\t\t\t\t<\/div>\n\t\t\t\t\t<\/div>\n\t\t\t\t<\/div>\n\t\t\t\t<\/div>","protected":false},"excerpt":{"rendered":"<p>Why TeleiCare for Telehealth Insurance in Colorado TeleiCare is committed to delivering reliable, affordable, and accessible telehealth insurance Colorado patients [&hellip;]<\/p>\n","protected":false},"author":1,"featured_media":0,"parent":0,"menu_order":0,"comment_status":"closed","ping_status":"closed","template":"elementor_header_footer","meta":{"site-sidebar-layout":"no-sidebar","site-content-layout":"","ast-site-content-layout":"full-width-container","site-content-style":"default","site-sidebar-style":"default","ast-global-header-display":"","ast-banner-title-visibility":"","ast-main-header-display":"","ast-hfb-above-header-display":"","ast-hfb-below-header-display":"","ast-hfb-mobile-header-display":"","site-post-title":"","ast-breadcrumbs-content":"","ast-featured-img":"disabled","footer-sml-layout":"","ast-disable-related-posts":"","theme-transparent-header-meta":"","adv-header-id-meta":"","stick-header-meta":"","header-above-stick-meta":"","header-main-stick-meta":"","header-below-stick-meta":"","astra-migrate-meta-layouts":"default","ast-page-background-enabled":"default","ast-page-background-meta":{"desktop":{"background-color":"var(--ast-global-color-5)","background-image":"","background-repeat":"repeat","background-position":"center center","background-size":"auto","background-attachment":"scroll","background-type":"","background-media":"","overlay-type":"","overlay-color":"","overlay-opacity":"","overlay-gradient":""},"tablet":{"background-color":"","background-image":"","background-repeat":"repeat","background-position":"center center","background-size":"auto","background-attachment":"scroll","background-type":"","background-media":"","overlay-type":"","overlay-color":"","overlay-opacity":"","overlay-gradient":""},"mobile":{"background-color":"","background-image":"","background-repeat":"repeat","background-position":"center center","background-size":"auto","background-attachment":"scroll","background-type":"","background-media":"","overlay-type":"","overlay-color":"","overlay-opacity":"","overlay-gradient":""}},"ast-content-background-meta":{"desktop":{"background-color":"var(--ast-global-color-4)","background-image":"","background-repeat":"repeat","background-position":"center center","background-size":"auto","background-attachment":"scroll","background-type":"","background-media":"","overlay-type":"","overlay-color":"","overlay-opacity":"","overlay-gradient":""},"tablet":{"background-color":"var(--ast-global-color-4)","background-image":"","background-repeat":"repeat","background-position":"center center","background-size":"auto","background-attachment":"scroll","background-type":"","background-media":"","overlay-type":"","overlay-color":"","overlay-opacity":"","overlay-gradient":""},"mobile":{"background-color":"var(--ast-global-color-4)","background-image":"","background-repeat":"repeat","background-position":"center center","background-size":"auto","background-attachment":"scroll","background-type":"","background-media":"","overlay-type":"","overlay-color":"","overlay-opacity":"","overlay-gradient":""}},"footnotes":""},"class_list":["post-614","page","type-page","status-publish","hentry"],"_links":{"self":[{"href":"https:\/\/teleicare.com\/es\/wp-json\/wp\/v2\/pages\/614","targetHints":{"allow":["GET"]}}],"collection":[{"href":"https:\/\/teleicare.com\/es\/wp-json\/wp\/v2\/pages"}],"about":[{"href":"https:\/\/teleicare.com\/es\/wp-json\/wp\/v2\/types\/page"}],"author":[{"embeddable":true,"href":"https:\/\/teleicare.com\/es\/wp-json\/wp\/v2\/users\/1"}],"replies":[{"embeddable":true,"href":"https:\/\/teleicare.com\/es\/wp-json\/wp\/v2\/comments?post=614"}],"version-history":[{"count":82,"href":"https:\/\/teleicare.com\/es\/wp-json\/wp\/v2\/pages\/614\/revisions"}],"predecessor-version":[{"id":3896,"href":"https:\/\/teleicare.com\/es\/wp-json\/wp\/v2\/pages\/614\/revisions\/3896"}],"wp:attachment":[{"href":"https:\/\/teleicare.com\/es\/wp-json\/wp\/v2\/media?parent=614"}],"curies":[{"name":"wp","href":"https:\/\/api.w.org\/{rel}","templated":true}]}}